{"id":537,"date":"2025-07-28T11:50:34","date_gmt":"2025-07-28T11:50:34","guid":{"rendered":"https:\/\/ahallerauto.ee\/test\/?page_id=537"},"modified":"2025-08-15T17:01:29","modified_gmt":"2025-08-15T17:01:29","slug":"meist","status":"publish","type":"page","link":"https:\/\/ahallerauto.ee\/test\/et\/home\/meist\/","title":{"rendered":"MEIST"},"content":{"rendered":"\t\t<div data-elementor-type=\"wp-page\" data-elementor-id=\"537\" class=\"elementor elementor-537\" data-elementor-post-type=\"page\">\n\t\t\t\t<div class=\"elementor-element elementor-element-502e7cd0 e-con-full e-flex e-con e-parent\" data-id=\"502e7cd0\" data-element_type=\"container\" data-settings=\"{&quot;background_background&quot;:&quot;classic&quot;}\">\n\t\t<div class=\"elementor-element elementor-element-751d1e7a e-con-full e-flex e-con e-child\" data-id=\"751d1e7a\" data-element_type=\"container\">\n\t\t\t\t<div class=\"elementor-element elementor-element-32f9e769 elementor-widget elementor-widget-heading\" data-id=\"32f9e769\" data-element_type=\"widget\" data-widget_type=\"heading.default\">\n\t\t\t\t\t<h1 class=\"elementor-heading-title elementor-size-default\">Missioon<\/h1>\t\t\t\t<\/div>\n\t\t\t\t<div class=\"elementor-element elementor-element-87311ee elementor-widget elementor-widget-text-editor\" data-id=\"87311ee\" data-element_type=\"widget\" data-widget_type=\"text-editor.default\">\n\t\t\t\t\t\t\t\t\t<p>Meie oleme Ahaller Auto loojad \u2013 Ahto ja Allart. Kahe peale kokku on meil autoremondi valdkonnas 38 aastat kogemust. Ahtol on 23 aastat kogemust mootorite remondi alal, neist viimased 13 aastat ettev\u00f5tjana. Allartil on 15 aastat kogemust VW Grupi autode hoolduse ja remondi valdkonnas. \u00dchendasime oma erialased teadmised ja isiksuslikud tugevused ning otsustasime luua Ahaller Auto. Meie \u00fchine soov ja \u00fchtlasi ka meie ettev\u00f5tte missioon on pakkuda kvaliteetset ja kliendist hoolivat remonditeenust.<\/p>\t\t\t\t\t\t\t\t<\/div>\n\t\t\t\t<\/div>\n\t\t<div class=\"elementor-element elementor-element-1c491951 e-con-full e-flex e-con e-child\" data-id=\"1c491951\" data-element_type=\"container\" data-settings=\"{&quot;background_background&quot;:&quot;classic&quot;}\">\n\t\t\t\t<\/div>\n\t\t\t\t<\/div>\n\t\t<div class=\"elementor-element elementor-element-12362f25 e-con-full e-flex e-con e-parent\" data-id=\"12362f25\" data-element_type=\"container\" data-settings=\"{&quot;background_background&quot;:&quot;classic&quot;}\">\n\t\t<div class=\"elementor-element elementor-element-3b832eae e-con-full e-flex e-con e-child\" data-id=\"3b832eae\" data-element_type=\"container\" data-settings=\"{&quot;background_background&quot;:&quot;classic&quot;}\">\n\t\t\t\t<\/div>\n\t\t<div class=\"elementor-element elementor-element-5fb925c2 e-con-full e-flex e-con e-child\" data-id=\"5fb925c2\" data-element_type=\"container\" data-settings=\"{&quot;background_background&quot;:&quot;classic&quot;}\">\n\t\t\t\t<div class=\"elementor-element elementor-element-66714b5e elementor-widget elementor-widget-heading\" data-id=\"66714b5e\" data-element_type=\"widget\" data-widget_type=\"heading.default\">\n\t\t\t\t\t<h2 class=\"elementor-heading-title elementor-size-default\">Meie visioon<\/h2>\t\t\t\t<\/div>\n\t\t\t\t<div class=\"elementor-element elementor-element-27ae8a3d elementor-widget elementor-widget-text-editor\" data-id=\"27ae8a3d\" data-element_type=\"widget\" data-widget_type=\"text-editor.default\">\n\t\t\t\t\t\t\t\t\t<p>Meid \u00fchendab visioon arendada Ahaller Autost ettev\u00f5te, kuhu tullakse tagasi nii tehtud t\u00f6\u00f6 kvaliteedi kui ka inimliku suhtumise p\u00e4rast. Pikemas plaanis n\u00e4eme, et Ahaller Auto kasvab aastate jooksul arvestatavaks ja tuntud tegijaks kogu Eestis \u2013 ettev\u00f5tteks, mis on tuntud oma kvaliteedi, aususe ja tugeva kliendisuhtluse poolest.<\/p>\t\t\t\t\t\t\t\t<\/div>\n\t\t\t\t<\/div>\n\t\t\t\t<\/div>\n\t\t<div class=\"elementor-element elementor-element-629fedc2 e-flex e-con-boxed e-con e-parent\" data-id=\"629fedc2\" data-element_type=\"container\" data-settings=\"{&quot;background_background&quot;:&quot;classic&quot;}\">\n\t\t\t\t\t<div class=\"e-con-inner\">\n\t\t\t\t<div class=\"elementor-element elementor-element-521e1b90 elementor-widget elementor-widget-heading\" data-id=\"521e1b90\" data-element_type=\"widget\" data-widget_type=\"heading.default\">\n\t\t\t\t\t<h2 class=\"elementor-heading-title elementor-size-default\">Asutajad<\/h2>\t\t\t\t<\/div>\n\t\t<div class=\"elementor-element elementor-element-55a76e36 e-con-full e-flex e-con e-child\" data-id=\"55a76e36\" data-element_type=\"container\">\n\t\t\t\t<div class=\"elementor-element elementor-element-6d306986 elementor-widget__width-initial elementor-widget-mobile__width-inherit elementor-position-top elementor-widget elementor-widget-image-box\" data-id=\"6d306986\" data-element_type=\"widget\" data-widget_type=\"image-box.default\">\n\t\t\t\t\t<div class=\"elementor-image-box-wrapper\"><figure class=\"elementor-image-box-img\"><img fetchpriority=\"high\" decoding=\"async\" width=\"1707\" height=\"2560\" src=\"https:\/\/ahallerauto.ee\/test\/wp-content\/uploads\/2025\/05\/MG_4377-scaled.jpg\" class=\"elementor-animation-grow attachment-full size-full wp-image-330\" alt=\"\" srcset=\"https:\/\/ahallerauto.ee\/test\/wp-content\/uploads\/2025\/05\/MG_4377-scaled.jpg 1707w, https:\/\/ahallerauto.ee\/test\/wp-content\/uploads\/2025\/05\/MG_4377-200x300.jpg 200w, https:\/\/ahallerauto.ee\/test\/wp-content\/uploads\/2025\/05\/MG_4377-683x1024.jpg 683w, https:\/\/ahallerauto.ee\/test\/wp-content\/uploads\/2025\/05\/MG_4377-768x1152.jpg 768w, https:\/\/ahallerauto.ee\/test\/wp-content\/uploads\/2025\/05\/MG_4377-1024x1536.jpg 1024w, https:\/\/ahallerauto.ee\/test\/wp-content\/uploads\/2025\/05\/MG_4377-1365x2048.jpg 1365w\" sizes=\"(max-width: 1707px) 100vw, 1707px\" \/><\/figure><div class=\"elementor-image-box-content\"><h4 class=\"elementor-image-box-title\">Ahto Tuisk<\/h4><p class=\"elementor-image-box-description\">Juhataja, t\u00f6\u00f6de vastuv\u00f5tt<\/p><\/div><\/div>\t\t\t\t<\/div>\n\t\t\t\t<div class=\"elementor-element elementor-element-267eeb8d elementor-widget__width-initial elementor-widget-mobile__width-inherit elementor-position-top elementor-widget elementor-widget-image-box\" data-id=\"267eeb8d\" data-element_type=\"widget\" data-widget_type=\"image-box.default\">\n\t\t\t\t\t<div class=\"elementor-image-box-wrapper\"><figure class=\"elementor-image-box-img\"><img decoding=\"async\" width=\"768\" height=\"1152\" src=\"https:\/\/ahallerauto.ee\/test\/wp-content\/uploads\/2025\/05\/MG_4388-768x1152.jpg\" class=\"elementor-animation-grow attachment-medium_large size-medium_large wp-image-337\" alt=\"\" srcset=\"https:\/\/ahallerauto.ee\/test\/wp-content\/uploads\/2025\/05\/MG_4388-768x1152.jpg 768w, https:\/\/ahallerauto.ee\/test\/wp-content\/uploads\/2025\/05\/MG_4388-200x300.jpg 200w, https:\/\/ahallerauto.ee\/test\/wp-content\/uploads\/2025\/05\/MG_4388-683x1024.jpg 683w, https:\/\/ahallerauto.ee\/test\/wp-content\/uploads\/2025\/05\/MG_4388-1024x1536.jpg 1024w, https:\/\/ahallerauto.ee\/test\/wp-content\/uploads\/2025\/05\/MG_4388-1365x2048.jpg 1365w, https:\/\/ahallerauto.ee\/test\/wp-content\/uploads\/2025\/05\/MG_4388-scaled.jpg 1707w\" sizes=\"(max-width: 768px) 100vw, 768px\" \/><\/figure><div class=\"elementor-image-box-content\"><h4 class=\"elementor-image-box-title\">Allart Assavi<\/h4><p class=\"elementor-image-box-description\">T\u00f6\u00f6koja vanem, t\u00f6\u00f6de vastuv\u00f5tt<\/p><\/div><\/div>\t\t\t\t<\/div>\n\t\t\t\t<\/div>\n\t\t\t\t\t<\/div>\n\t\t\t\t<\/div>\n\t\t<div class=\"elementor-element elementor-element-79653d3f e-flex e-con-boxed e-con e-parent\" data-id=\"79653d3f\" data-element_type=\"container\" data-settings=\"{&quot;background_background&quot;:&quot;classic&quot;}\">\n\t\t\t\t\t<div class=\"e-con-inner\">\n\t\t\t\t<div class=\"elementor-element elementor-element-1f49d5d3 elementor-view-default elementor-position-top elementor-mobile-position-top elementor-widget elementor-widget-icon-box\" data-id=\"1f49d5d3\" data-element_type=\"widget\" data-widget_type=\"icon-box.default\">\n\t\t\t\t\t\t\t<div class=\"elementor-icon-box-wrapper\">\n\n\t\t\t\t\t\t<div class=\"elementor-icon-box-icon\">\n\t\t\t\t<span  class=\"elementor-icon\">\n\t\t\t\t<svg xmlns=\"http:\/\/www.w3.org\/2000\/svg\" id=\"a4a99671-1fc3-4568-98bf-7fc5746e910a\" data-name=\"Layer 1\" width=\"114\" height=\"79\" viewBox=\"0 0 114 79\"><polygon points=\"32.677 0 0 78.265 36.391 78.265 57.928 0 32.677 0\"><\/polygon><polygon points=\"88.749 0.735 56.072 79 92.463 79 114 0.735 88.749 0.735\"><\/polygon><\/svg>\t\t\t\t<\/span>\n\t\t\t<\/div>\n\t\t\t\n\t\t\t\t\t\t<div class=\"elementor-icon-box-content\">\n\n\t\t\t\t\t\t\t\t\t<h3 class=\"elementor-icon-box-title\">\n\t\t\t\t\t\t<span  >\n\t\t\t\t\t\t\tMeie jaoks ei ole s\u00f5iduk lihtsalt masin \u2013 see on osa teie igap\u00e4evaelust, turvalisusest ja vabadusest. Iga auto, mis meie hoolde usaldate, saab sama t\u00e4helepanu ja hoole, nagu hoolitseksime omaenda eest.\t\t\t\t\t\t<\/span>\n\t\t\t\t\t<\/h3>\n\t\t\t\t\n\t\t\t\t\t\t\t\t\t<p class=\"elementor-icon-box-description\">\n\t\t\t\t\t\tAhto Tuisk\n\t\t\t\t\t<\/p>\n\t\t\t\t\n\t\t\t<\/div>\n\t\t\t\n\t\t<\/div>\n\t\t\t\t\t\t<\/div>\n\t\t\t\t\t<\/div>\n\t\t\t\t<\/div>\n\t\t<div class=\"elementor-element elementor-element-c8527ab elementor-hidden-desktop elementor-hidden-tablet elementor-hidden-mobile e-flex e-con-boxed e-con e-parent\" data-id=\"c8527ab\" data-element_type=\"container\" data-settings=\"{&quot;background_background&quot;:&quot;classic&quot;}\">\n\t\t\t\t\t<div class=\"e-con-inner\">\n\t\t\t\t<div class=\"elementor-element elementor-element-1c8300a5 elementor-widget elementor-widget-heading\" data-id=\"1c8300a5\" data-element_type=\"widget\" data-widget_type=\"heading.default\">\n\t\t\t\t\t<h2 class=\"elementor-heading-title elementor-size-default\">Client Testimonials<\/h2>\t\t\t\t<\/div>\n\t\t<div class=\"elementor-element elementor-element-21681224 e-con-full e-flex e-con e-child\" data-id=\"21681224\" data-element_type=\"container\">\n\t\t\t\t<div class=\"elementor-element elementor-element-71ce1fe4 elementor-widget__width-initial elementor-widget-tablet__width-inherit elementor-widget elementor-widget-testimonial\" data-id=\"71ce1fe4\" data-element_type=\"widget\" data-widget_type=\"testimonial.default\">\n\t\t\t\t\t\t\t<div class=\"elementor-testimonial-wrapper\">\n\t\t\t\t\t\t\t<div class=\"elementor-testimonial-content\">\u201cA testimonial from a client who benefited from your product or service. Testimonials can be a highly effective way of establishing credibility and increasing your company's reputation.\u201d<\/div>\n\t\t\t\n\t\t\t\t\t\t<div class=\"elementor-testimonial-meta elementor-has-image elementor-testimonial-image-position-aside\">\n\t\t\t\t<div class=\"elementor-testimonial-meta-inner\">\n\t\t\t\t\t\t\t\t\t\t\t<div class=\"elementor-testimonial-image\">\n\t\t\t\t\t\t\t<img decoding=\"async\" width=\"63\" height=\"63\" src=\"https:\/\/ahallerauto.ee\/test\/wp-content\/uploads\/2025\/04\/63x63.jpg\" class=\"attachment-full size-full wp-image-88\" alt=\"\" \/>\t\t\t\t\t\t<\/div>\n\t\t\t\t\t\n\t\t\t\t\t\t\t\t\t\t<div class=\"elementor-testimonial-details\">\n\t\t\t\t\t\t\t\t\t\t\t\t\t\t<div class=\"elementor-testimonial-name\">Client Name<\/div>\n\t\t\t\t\t\t\t\t\t\t\t\t\t\t\t\t\t\t\t<\/div>\n\t\t\t\t\t\t\t\t\t<\/div>\n\t\t\t<\/div>\n\t\t\t\t\t<\/div>\n\t\t\t\t\t\t<\/div>\n\t\t\t\t<div class=\"elementor-element elementor-element-2d660e1b elementor-widget__width-initial elementor-widget-tablet__width-inherit elementor-widget elementor-widget-testimonial\" data-id=\"2d660e1b\" data-element_type=\"widget\" data-widget_type=\"testimonial.default\">\n\t\t\t\t\t\t\t<div class=\"elementor-testimonial-wrapper\">\n\t\t\t\t\t\t\t<div class=\"elementor-testimonial-content\">\u201cA testimonial from a client who benefited from your product or service. Testimonials can be a highly effective way of establishing credibility and increasing your company's reputation.\u201d<\/div>\n\t\t\t\n\t\t\t\t\t\t<div class=\"elementor-testimonial-meta elementor-has-image elementor-testimonial-image-position-aside\">\n\t\t\t\t<div class=\"elementor-testimonial-meta-inner\">\n\t\t\t\t\t\t\t\t\t\t\t<div class=\"elementor-testimonial-image\">\n\t\t\t\t\t\t\t<img decoding=\"async\" width=\"63\" height=\"63\" src=\"https:\/\/ahallerauto.ee\/test\/wp-content\/uploads\/2025\/04\/63x63.jpg\" class=\"attachment-full size-full wp-image-88\" alt=\"\" \/>\t\t\t\t\t\t<\/div>\n\t\t\t\t\t\n\t\t\t\t\t\t\t\t\t\t<div class=\"elementor-testimonial-details\">\n\t\t\t\t\t\t\t\t\t\t\t\t\t\t<div class=\"elementor-testimonial-name\">Client Name<\/div>\n\t\t\t\t\t\t\t\t\t\t\t\t\t\t\t\t\t\t\t<\/div>\n\t\t\t\t\t\t\t\t\t<\/div>\n\t\t\t<\/div>\n\t\t\t\t\t<\/div>\n\t\t\t\t\t\t<\/div>\n\t\t\t\t<div class=\"elementor-element elementor-element-44989a1e elementor-widget__width-initial elementor-widget-tablet__width-inherit elementor-widget elementor-widget-testimonial\" data-id=\"44989a1e\" data-element_type=\"widget\" data-widget_type=\"testimonial.default\">\n\t\t\t\t\t\t\t<div class=\"elementor-testimonial-wrapper\">\n\t\t\t\t\t\t\t<div class=\"elementor-testimonial-content\">\u201cA testimonial from a client who benefited from your product or service. Testimonials can be a highly effective way of establishing credibility and increasing your company's reputation.\u201d<\/div>\n\t\t\t\n\t\t\t\t\t\t<div class=\"elementor-testimonial-meta elementor-has-image elementor-testimonial-image-position-aside\">\n\t\t\t\t<div class=\"elementor-testimonial-meta-inner\">\n\t\t\t\t\t\t\t\t\t\t\t<div class=\"elementor-testimonial-image\">\n\t\t\t\t\t\t\t<img decoding=\"async\" width=\"63\" height=\"63\" src=\"https:\/\/ahallerauto.ee\/test\/wp-content\/uploads\/2025\/04\/63x63.jpg\" class=\"attachment-full size-full wp-image-88\" alt=\"\" \/>\t\t\t\t\t\t<\/div>\n\t\t\t\t\t\n\t\t\t\t\t\t\t\t\t\t<div class=\"elementor-testimonial-details\">\n\t\t\t\t\t\t\t\t\t\t\t\t\t\t<div class=\"elementor-testimonial-name\">Client Name<\/div>\n\t\t\t\t\t\t\t\t\t\t\t\t\t\t\t\t\t\t\t<\/div>\n\t\t\t\t\t\t\t\t\t<\/div>\n\t\t\t<\/div>\n\t\t\t\t\t<\/div>\n\t\t\t\t\t\t<\/div>\n\t\t\t\t<\/div>\n\t\t\t\t\t<\/div>\n\t\t\t\t<\/div>\n\t\t\t\t<\/div>\n\t\t","protected":false},"excerpt":{"rendered":"<p>Missioon Meie oleme Ahaller Auto loojad \u2013 Ahto ja Allart. Kahe peale kokku on meil autoremondi valdkonnas 38 aastat kogemust. Ahtol on 23 aastat kogemust mootorite remondi alal, neist viimased 13 aastat ettev\u00f5tjana. Allartil on 15 aastat kogemust VW Grupi autode hoolduse ja remondi valdkonnas. \u00dchendasime oma erialased teadmised ja isiksuslikud tugevused ning otsustasime luua [&hellip;]<\/p>\n","protected":false},"author":1,"featured_media":0,"parent":691,"menu_order":0,"comment_status":"closed","ping_status":"closed","template":"elementor_header_footer","meta":{"footnotes":""},"class_list":["post-537","page","type-page","status-publish","hentry"],"_links":{"self":[{"href":"https:\/\/ahallerauto.ee\/test\/wp-json\/wp\/v2\/pages\/537","targetHints":{"allow":["GET"]}}],"collection":[{"href":"https:\/\/ahallerauto.ee\/test\/wp-json\/wp\/v2\/pages"}],"about":[{"href":"https:\/\/ahallerauto.ee\/test\/wp-json\/wp\/v2\/types\/page"}],"author":[{"embeddable":true,"href":"https:\/\/ahallerauto.ee\/test\/wp-json\/wp\/v2\/users\/1"}],"replies":[{"embeddable":true,"href":"https:\/\/ahallerauto.ee\/test\/wp-json\/wp\/v2\/comments?post=537"}],"version-history":[{"count":6,"href":"https:\/\/ahallerauto.ee\/test\/wp-json\/wp\/v2\/pages\/537\/revisions"}],"predecessor-version":[{"id":797,"href":"https:\/\/ahallerauto.ee\/test\/wp-json\/wp\/v2\/pages\/537\/revisions\/797"}],"up":[{"embeddable":true,"href":"https:\/\/ahallerauto.ee\/test\/wp-json\/wp\/v2\/pages\/691"}],"wp:attachment":[{"href":"https:\/\/ahallerauto.ee\/test\/wp-json\/wp\/v2\/media?parent=537"}],"curies":[{"name":"wp","href":"https:\/\/api.w.org\/{rel}","templated":true}]}}